{"id":329,"date":"2021-07-29T08:40:30","date_gmt":"2021-07-29T06:40:30","guid":{"rendered":"https:\/\/praxis-gastro-lauf.de\/work\/?page_id=329"},"modified":"2025-10-26T21:01:28","modified_gmt":"2025-10-26T20:01:28","slug":"ultraschalldiagnostik-sonographie","status":"publish","type":"page","link":"https:\/\/praxis-gastro-lauf.de\/work\/behandlungsspektrum\/ultraschalldiagnostik-sonographie\/","title":{"rendered":"Ultraschalldiagnostik (Sonographie)"},"content":{"rendered":"<p>[et_pb_section fb_built=&#8220;1&#8243; admin_label=&#8220;Hero&#8220; _builder_version=&#8220;4.16&#8243; background_color=&#8220;rgba(40,153,188,0.1)&#8220; custom_margin=&#8220;||||false|false&#8220; custom_padding=&#8220;0px|0px|0px|0px|true|false&#8220; bottom_divider_style=&#8220;wave2&#8243; bottom_divider_color=&#8220;#FFFFFF&#8220; bottom_divider_height=&#8220;85px&#8220; border_radii=&#8220;|15vw|||&#8220; border_width_bottom=&#8220;1px&#8220; border_color_bottom=&#8220;#efefef&#8220; global_colors_info=&#8220;{}&#8220;][et_pb_row column_structure=&#8220;1_2,1_2&#8243; _builder_version=&#8220;4.16&#8243; width=&#8220;100%&#8220; max_width=&#8220;100%&#8220; custom_margin=&#8220;|||&#8220; custom_margin_tablet=&#8220;||0px|&#8220; custom_margin_phone=&#8220;&#8220; custom_margin_last_edited=&#8220;on|desktop&#8220; custom_padding=&#8220;0|0px|27px|0px|false|false&#8220; use_custom_width=&#8220;on&#8220; width_unit=&#8220;off&#8220; custom_width_percent=&#8220;100%&#8220; global_colors_info=&#8220;{}&#8220;][et_pb_column type=&#8220;1_2&#8243; _builder_version=&#8220;4.16&#8243; custom_padding=&#8220;6%||6%|12%&#8220; custom_padding_tablet=&#8220;50px|50px|50px|50px&#8220; custom_padding_phone=&#8220;|20px||20px|false|true&#8220; custom_padding_last_edited=&#8220;on|tablet&#8220; global_colors_info=&#8220;{}&#8220; padding_tablet=&#8220;50px|50px|50px|50px&#8220; padding_last_edited=&#8220;on|tablet&#8220; custom_padding__hover=&#8220;|||&#8220; padding_phone=&#8220;50px|50px|50px|50px&#8220;][et_pb_text _builder_version=&#8220;4.16&#8243; text_font=&#8220;Montserrat|300|||||||&#8220; text_font_size=&#8220;16px&#8220; text_line_height=&#8220;1.8em&#8220; header_font=&#8220;||||||||&#8220; header_2_font=&#8220;|600|||||||&#8220; header_2_text_color=&#8220;#878786&#8243; header_2_line_height=&#8220;1.4em&#8220; header_3_font=&#8220;|600||on|||||&#8220; header_3_text_color=&#8220;#2899BC&#8220; header_3_font_size=&#8220;21px&#8220; header_3_line_height=&#8220;1.4em&#8220; header_6_font=&#8220;||||||||&#8220; header_6_text_color=&#8220;#878786&#8243; max_width=&#8220;600px&#8220; custom_margin=&#8220;80px||0px||false|false&#8220; custom_margin_tablet=&#8220;0px|50px||50px&#8220; custom_margin_last_edited=&#8220;off|desktop&#8220; custom_padding=&#8220;||||false|false&#8220; header_2_font_size_tablet=&#8220;&#8220; header_2_font_size_phone=&#8220;26px&#8220; header_2_font_size_last_edited=&#8220;on|phone&#8220; locked=&#8220;off&#8220; global_colors_info=&#8220;{}&#8220;]<\/p>\n<h3><strong>Sonographie<\/strong><\/h3>\n<p>[\/et_pb_text][et_pb_text _builder_version=&#8220;4.16&#8243; text_font=&#8220;||||||||&#8220; text_text_color=&#8220;#000000&#8243; text_font_size=&#8220;18px&#8220; text_line_height=&#8220;1.8em&#8220; link_font=&#8220;||||||||&#8220; ul_font=&#8220;||||||||&#8220; ol_font=&#8220;||||||||&#8220; quote_font=&#8220;||||||||&#8220; header_font=&#8220;||||||||&#8220; header_2_font=&#8220;Montserrat|300|||||||&#8220; header_2_text_color=&#8220;#212d3b&#8220; header_2_font_size=&#8220;40px&#8220; header_2_line_height=&#8220;1.5em&#8220; header_6_text_color=&#8220;#000000&#8243; header_6_font_size=&#8220;16px&#8220; max_width=&#8220;600px&#8220; custom_margin=&#8220;||||false|false&#8220; custom_margin_tablet=&#8220;0px|50px||50px&#8220; custom_margin_last_edited=&#8220;off|desktop&#8220; custom_padding=&#8220;||||false|false&#8220; text_font_size_tablet=&#8220;&#8220; text_font_size_phone=&#8220;16px&#8220; text_font_size_last_edited=&#8220;on|phone&#8220; header_6_font_size_tablet=&#8220;&#8220; header_6_font_size_phone=&#8220;18px&#8220; header_6_font_size_last_edited=&#8220;on|phone&#8220; locked=&#8220;off&#8220; global_colors_info=&#8220;{}&#8220;]<\/p>\n<h6><strong>Was ist eine Sonographie?<\/strong><\/h6>\n<p>Mit Hilfe der Ultraschalldiagnostik (Sonographie), die in unserer Praxis mit Ger\u00e4ten auf dem neuesten Stand der Technik durchgef\u00fchrt wird, k\u00f6nnen verschiedene Organe v\u00f6llig schmerzfrei und ohne Nebenwirkungen untersucht werden.<\/p>\n<p>[\/et_pb_text][et_pb_divider divider_position=&#8220;center&#8220; divider_weight=&#8220;2px&#8220; _builder_version=&#8220;4.16&#8243; _module_preset=&#8220;default&#8220; width=&#8220;100px&#8220; module_alignment=&#8220;left&#8220; global_colors_info=&#8220;{}&#8220;][\/et_pb_divider][et_pb_text _builder_version=&#8220;4.27.4&#8243; text_font=&#8220;||||||||&#8220; text_text_color=&#8220;#000000&#8243; text_font_size=&#8220;18px&#8220; text_line_height=&#8220;1.8em&#8220; link_font=&#8220;||||||||&#8220; ul_font=&#8220;||||||||&#8220; ol_font=&#8220;||||||||&#8220; quote_font=&#8220;||||||||&#8220; header_font=&#8220;||||||||&#8220; header_2_font=&#8220;Montserrat|300|||||||&#8220; header_2_text_color=&#8220;#212d3b&#8220; header_2_font_size=&#8220;40px&#8220; header_2_line_height=&#8220;1.5em&#8220; header_6_text_color=&#8220;#000000&#8243; header_6_line_height=&#8220;1.4em&#8220; max_width=&#8220;600px&#8220; custom_margin=&#8220;||||false|false&#8220; custom_margin_tablet=&#8220;0px|50px||50px&#8220; custom_margin_last_edited=&#8220;off|desktop&#8220; custom_padding=&#8220;||||false|false&#8220; hover_enabled=&#8220;0&#8243; text_font_size_tablet=&#8220;&#8220; text_font_size_phone=&#8220;16px&#8220; text_font_size_last_edited=&#8220;on|phone&#8220; header_6_font_size_tablet=&#8220;&#8220; header_6_font_size_phone=&#8220;18px&#8220; header_6_font_size_last_edited=&#8220;on|phone&#8220; locked=&#8220;off&#8220; global_colors_info=&#8220;{}&#8220; sticky_enabled=&#8220;0&#8243;]<\/p>\n<h6><strong>Welche Organe k\u00f6nnen mit einer Sonographie untersucht werden?<\/strong><\/h6>\n<p>Folgende Leistungen bietet unsere Praxis an:<\/p>\n<ul>\n<li>Abdomensonographie (Ultraschalluntersuchung der Bauchorgane)<\/li>\n<li>(Farbduplex-) Ultraschall und Doppleruntersuchung der Gef\u00e4\u00dfe des Abdomens<\/li>\n<li>Ultraschall der Nieren, der ableitenden Harnwege und Blase<\/li>\n<\/ul>\n<p>[\/et_pb_text][et_pb_button button_url=&#8220;@ET-DC@eyJkeW5hbWljIjp0cnVlLCJjb250ZW50IjoicG9zdF9saW5rX3VybF9wYWdlIiwic2V0dGluZ3MiOnsicG9zdF9pZCI6IjUyIn19@&#8220; button_text=&#8220;Machen Sie hier einen Termin aus&#8220; button_alignment_tablet=&#8220;&#8220; button_alignment_phone=&#8220;center&#8220; button_alignment_last_edited=&#8220;on|phone&#8220; _builder_version=&#8220;4.16&#8243; _dynamic_attributes=&#8220;button_url&#8220; _module_preset=&#8220;default&#8220; custom_button=&#8220;on&#8220; button_text_size=&#8220;14px&#8220; button_text_color=&#8220;#000000&#8243; button_bg_color=&#8220;#FFFFFF&#8220; button_border_width=&#8220;1px&#8220; button_border_radius=&#8220;14px&#8220; button_use_icon=&#8220;off&#8220; box_shadow_style=&#8220;preset1&#8243; global_colors_info=&#8220;{}&#8220; button_bg_color__hover_enabled=&#8220;on|hover&#8220; button_bg_color__hover=&#8220;#941E45&#8243; button_bg_enable_color__hover=&#8220;on&#8220; button_text_color__hover_enabled=&#8220;on|hover&#8220; button_text_color__hover=&#8220;#FFFFFF&#8220; button_border_color__hover_enabled=&#8220;on|desktop&#8220; button_border_color__hover=&#8220;RGBA(0,0,0,0)&#8220;][\/et_pb_button][\/et_pb_column][et_pb_column type=&#8220;1_2&#8243; _builder_version=&#8220;4.16&#8243; custom_padding=&#8220;|||&#8220; global_colors_info=&#8220;{}&#8220; custom_padding__hover=&#8220;|||&#8220;][et_pb_image src=&#8220;https:\/\/praxis-gastro-lauf.de\/work\/wp-content\/uploads\/2021\/09\/Ultraschall_web-clear.jpg&#8220; title_text=&#8220;Ultraschall_web-clear&#8220; force_fullwidth=&#8220;on&#8220; align_tablet=&#8220;center&#8220; align_phone=&#8220;&#8220; align_last_edited=&#8220;on|desktop&#8220; _builder_version=&#8220;4.16&#8243; custom_margin=&#8220;|||&#8220; custom_padding=&#8220;|||&#8220; border_radii=&#8220;|24vw|||24vw&#8220; border_color_all=&#8220;#0ee1f4&#8243; border_width_left=&#8220;2vw&#8220; border_color_left=&#8220;#2899BC&#8220; border_radii_tablet=&#8220;&#8220; border_radii_phone=&#8220;on|0vw|0vw|0vw|0vw&#8220; border_radii_last_edited=&#8220;on|tablet&#8220; border_width_left_tablet=&#8220;&#8220; border_width_left_phone=&#8220;0vw&#8220; border_width_left_last_edited=&#8220;on|phone&#8220; box_shadow_style=&#8220;preset4&#8243; box_shadow_horizontal=&#8220;-30px&#8220; box_shadow_spread=&#8220;-10px&#8220; box_shadow_color=&#8220;#941E45&#8243; box_shadow_spread_tablet=&#8220;-22px&#8220; box_shadow_spread_phone=&#8220;&#8220; box_shadow_spread_last_edited=&#8220;on|phone&#8220; box_shadow_color_tablet=&#8220;RGBA(0,0,0,0)&#8220; box_shadow_color_phone=&#8220;&#8220; box_shadow_color_last_edited=&#8220;on|tablet&#8220; global_colors_info=&#8220;{}&#8220;][\/et_pb_image][\/et_pb_column][\/et_pb_row][\/et_pb_section]<\/p>\n","protected":false},"excerpt":{"rendered":"<p>SonographieWas ist eine Sonographie? Mit Hilfe der Ultraschalldiagnostik (Sonographie), die in unserer Praxis mit Ger\u00e4ten auf dem neuesten Stand der Technik durchgef\u00fchrt wird, k\u00f6nnen verschiedene Organe v\u00f6llig schmerzfrei und ohne Nebenwirkungen untersucht werden.Welche Organe k\u00f6nnen mit einer Sonographie untersucht werden? Folgende Leistungen bietet unsere Praxis an: Abdomensonographie (Ultraschalluntersuchung der Bauchorgane) (Farbduplex-) Ultraschall und Doppleruntersuchung der Gef\u00e4\u00dfe des Abdomens Ultraschall der Nieren, der ableitenden Harnwege und Blase<\/p>\n","protected":false},"author":1,"featured_media":0,"parent":50,"menu_order":0,"comment_status":"closed","ping_status":"closed","template":"","meta":{"_et_pb_use_builder":"on","_et_pb_old_content":"","_et_gb_content_width":"","footnotes":""},"class_list":["post-329","page","type-page","status-publish","hentry"],"_links":{"self":[{"href":"https:\/\/praxis-gastro-lauf.de\/work\/wp-json\/wp\/v2\/pages\/329","targetHints":{"allow":["GET"]}}],"collection":[{"href":"https:\/\/praxis-gastro-lauf.de\/work\/wp-json\/wp\/v2\/pages"}],"about":[{"href":"https:\/\/praxis-gastro-lauf.de\/work\/wp-json\/wp\/v2\/types\/page"}],"author":[{"embeddable":true,"href":"https:\/\/praxis-gastro-lauf.de\/work\/wp-json\/wp\/v2\/users\/1"}],"replies":[{"embeddable":true,"href":"https:\/\/praxis-gastro-lauf.de\/work\/wp-json\/wp\/v2\/comments?post=329"}],"version-history":[{"count":14,"href":"https:\/\/praxis-gastro-lauf.de\/work\/wp-json\/wp\/v2\/pages\/329\/revisions"}],"predecessor-version":[{"id":914,"href":"https:\/\/praxis-gastro-lauf.de\/work\/wp-json\/wp\/v2\/pages\/329\/revisions\/914"}],"up":[{"embeddable":true,"href":"https:\/\/praxis-gastro-lauf.de\/work\/wp-json\/wp\/v2\/pages\/50"}],"wp:attachment":[{"href":"https:\/\/praxis-gastro-lauf.de\/work\/wp-json\/wp\/v2\/media?parent=329"}],"curies":[{"name":"wp","href":"https:\/\/api.w.org\/{rel}","templated":true}]}}